{"id":2154,"date":"2024-01-04T11:36:02","date_gmt":"2024-01-04T11:36:02","guid":{"rendered":"http:\/\/testauskas.kiorastudio.com\/contact-us\/"},"modified":"2025-08-03T13:37:35","modified_gmt":"2025-08-03T13:37:35","slug":"contact-us","status":"publish","type":"page","link":"https:\/\/kiorastudio.com\/lt\/contact-us\/","title":{"rendered":"Kontaktai"},"content":{"rendered":"<div data-elementor-type=\"wp-page\" data-elementor-id=\"2154\" class=\"elementor elementor-2154\">\n\t\t\t\t<div class=\"elementor-element elementor-element-a1cd357 e-flex e-con-boxed e-con e-parent\" data-id=\"a1cd357\" data-element_type=\"container\" data-settings=\"{&quot;background_background&quot;:&quot;classic&quot;,&quot;wcf_enable_cursor_hover_effect_text&quot;:&quot;View&quot;,&quot;wcf-animation&quot;:&quot;none&quot;}\">\n\t\t\t\t\t<div class=\"e-con-inner\">\n\t\t<div class=\"elementor-element elementor-element-2a05b02 e-flex e-con-boxed e-con e-child\" data-id=\"2a05b02\" data-element_type=\"container\" data-settings=\"{&quot;wcf_enable_cursor_hover_effect_text&quot;:&quot;View&quot;,&quot;wcf-animation&quot;:&quot;none&quot;}\">\n\t\t\t\t\t<div class=\"e-con-inner\">\n\t\t<div class=\"elementor-element elementor-element-4db9742 e-con-full e-flex e-con e-child\" data-id=\"4db9742\" data-element_type=\"container\" data-settings=\"{&quot;wcf_enable_cursor_hover_effect_text&quot;:&quot;View&quot;,&quot;wcf-animation&quot;:&quot;none&quot;}\">\n\t\t\t\t<div class=\"elementor-element elementor-element-b97e6e4 elementor-widget-laptop__width-initial elementor-widget-mobile__width-initial wcf-t-animation-none elementor-widget elementor-widget-wcf--title\" data-id=\"b97e6e4\" data-element_type=\"widget\" data-settings=\"{&quot;wcf-animation&quot;:&quot;fade&quot;,&quot;wcf_text_animation&quot;:&quot;none&quot;,&quot;delay&quot;:0.15,&quot;on-scroll&quot;:1,&quot;fade-from&quot;:&quot;bottom&quot;,&quot;data-duration&quot;:1.5,&quot;ease&quot;:&quot;power2.out&quot;,&quot;fade-offset&quot;:50}\" data-widget_type=\"wcf--title.default\">\n\t\t\t\t<div class=\"elementor-widget-container\">\n\t\t\t\t\t<h2 class=\"wcf--title\">Susisiekime<\/h2>\t\t\t\t<\/div>\n\t\t\t\t<\/div>\n\t\t\t\t<\/div>\n\t\t<div class=\"elementor-element elementor-element-6cc86d3 e-con-full e-flex e-con e-child\" data-id=\"6cc86d3\" data-element_type=\"container\" data-settings=\"{&quot;wcf_enable_cursor_hover_effect_text&quot;:&quot;View&quot;,&quot;wcf-animation&quot;:&quot;none&quot;}\">\n\t\t\t\t<div class=\"elementor-element elementor-element-cb6ffa3 elementor-widget__width-initial wcf-t-animation-text_move elementor-widget elementor-widget-wcf--text\" data-id=\"cb6ffa3\" data-element_type=\"widget\" data-settings=\"{&quot;wcf_text_animation&quot;:&quot;text_move&quot;,&quot;text_transform_origin&quot;:&quot;top center -50&quot;,&quot;text_delay&quot;:0.15,&quot;text_duration&quot;:1,&quot;text_stagger&quot;:0.02,&quot;text_on_scroll&quot;:&quot;yes&quot;,&quot;text_rotation_di&quot;:&quot;x&quot;,&quot;text_rotation&quot;:&quot;-80&quot;,&quot;wcf-animation&quot;:&quot;none&quot;}\" data-widget_type=\"wcf--text.default\">\n\t\t\t\t<div class=\"elementor-widget-container\">\n\t\t\t\t\t<div class=\"wcf--text\"><p>D\u017eiaugiam\u0117s, kad susidom\u0117jote! \nPrad\u0117kime k\u0105 nors \u012fdomaus kartu!<\/p><\/div>\t\t\t\t<\/div>\n\t\t\t\t<\/div>\n\t\t\t\t<\/div>\n\t\t\t\t\t<\/div>\n\t\t\t\t<\/div>\n\t\t<div class=\"elementor-element elementor-element-aa5c9e1 e-flex e-con-boxed e-con e-child\" data-id=\"aa5c9e1\" data-element_type=\"container\" data-settings=\"{&quot;wcf_enable_cursor_hover_effect_text&quot;:&quot;View&quot;,&quot;wcf-animation&quot;:&quot;none&quot;}\">\n\t\t\t\t\t<div class=\"e-con-inner\">\n\t\t<div class=\"elementor-element elementor-element-df34ab7 e-con-full e-flex e-con e-child\" data-id=\"df34ab7\" data-element_type=\"container\" data-settings=\"{&quot;wcf_enable_cursor_hover_effect_text&quot;:&quot;View&quot;,&quot;wcf-animation&quot;:&quot;none&quot;}\">\n\t\t\t\t<div class=\"elementor-element elementor-element-3998f5b elementor-list-item-link-full_width elementor-widget elementor-widget-icon-list\" data-id=\"3998f5b\" data-element_type=\"widget\" data-settings=\"{&quot;wcf-animation&quot;:&quot;none&quot;}\" data-widget_type=\"icon-list.default\">\n\t\t\t\t<div class=\"elementor-widget-container\">\n\t\t\t\t\t\t\t<ul class=\"elementor-icon-list-items\">\n\t\t\t\t\t\t\t<li class=\"elementor-icon-list-item\">\n\t\t\t\t\t\t\t\t\t\t\t<a href=\"tel:+37069993466\">\n\n\t\t\t\t\t\t\t\t\t\t\t<span class=\"elementor-icon-list-text\">+370 699 93466<\/span>\n\t\t\t\t\t\t\t\t\t\t\t<\/a>\n\t\t\t\t\t\t\t\t\t<\/li>\n\t\t\t\t\t\t\t\t<li class=\"elementor-icon-list-item\">\n\t\t\t\t\t\t\t\t\t\t\t<a href=\"mailto:info@kiorastudio.com\">\n\n\t\t\t\t\t\t\t\t\t\t\t<span class=\"elementor-icon-list-text\">info@kiorastudio.com<\/span>\n\t\t\t\t\t\t\t\t\t\t\t<\/a>\n\t\t\t\t\t\t\t\t\t<\/li>\n\t\t\t\t\t\t<\/ul>\n\t\t\t\t\t\t<\/div>\n\t\t\t\t<\/div>\n\t\t\t\t<div class=\"elementor-element elementor-element-975f636 elementor-widget__width-initial elementor-list-item-link-full_width elementor-widget elementor-widget-icon-list\" data-id=\"975f636\" data-element_type=\"widget\" data-settings=\"{&quot;wcf-animation&quot;:&quot;none&quot;}\" data-widget_type=\"icon-list.default\">\n\t\t\t\t<div class=\"elementor-widget-container\">\n\t\t\t\t\t\t\t<ul class=\"elementor-icon-list-items\">\n\t\t\t\t\t\t\t<li class=\"elementor-icon-list-item\">\n\t\t\t\t\t\t\t\t\t\t<span class=\"elementor-icon-list-text\">Riteri\u0173 g. 10, Vilnius<br>Lietuva<\/span>\n\t\t\t\t\t\t\t\t\t<\/li>\n\t\t\t\t\t\t<\/ul>\n\t\t\t\t\t\t<\/div>\n\t\t\t\t<\/div>\n\t\t\t\t<\/div>\n\t\t<div class=\"elementor-element elementor-element-2facc85 e-con-full e-flex e-con e-child\" data-id=\"2facc85\" data-element_type=\"container\" data-settings=\"{&quot;wcf_enable_cursor_hover_effect_text&quot;:&quot;View&quot;,&quot;wcf-animation&quot;:&quot;none&quot;}\">\n\t\t\t\t<\/div>\n\t\t\t\t\t<\/div>\n\t\t\t\t<\/div>\n\t\t\t\t\t<\/div>\n\t\t\t\t<\/div>\n\t\t\t\t<\/div>","protected":false},"excerpt":{"rendered":"<p>Let\u2019s get in touch Great! We&#8217;re excited to hear from you and let&#8217;s start something special togerter. call us for any inquery. +370 699 93466 info@kiorastudio.com Riteri\u0173 g. 10, VilniusLithuania<\/p>","protected":false},"author":1,"featured_media":0,"parent":0,"menu_order":0,"comment_status":"closed","ping_status":"closed","template":"elementor_header_footer","meta":{"footnotes":""},"class_list":["post-2154","page","type-page","status-publish","hentry"],"yoast_head":"<!-- This site is optimized with the Yoast SEO plugin v25.5 - https:\/\/yoast.com\/wordpress\/plugins\/seo\/ -->\n<title>Contact Us - Kiora Studio<\/title>\n<meta name=\"description\" content=\"Boost your business with Kiora Studio&#039;s AI solutions. We develop automation systems, intelligent chatbots, and custom AI tools to streamline operations and drive growth.\" \/>\n<meta name=\"robots\" content=\"index, follow, max-snippet:-1, max-image-preview:large, max-video-preview:-1\" \/>\n<link rel=\"canonical\" href=\"https:\/\/kiorastudio.com\/lt\/contact-us\/\" \/>\n<meta property=\"og:locale\" content=\"lt_LT\" \/>\n<meta property=\"og:type\" content=\"article\" \/>\n<meta property=\"og:title\" content=\"Contact Us - Kiora Studio\" \/>\n<meta property=\"og:description\" content=\"Boost your business with Kiora Studio&#039;s AI solutions. We develop automation systems, intelligent chatbots, and custom AI tools to streamline operations and drive growth.\" \/>\n<meta property=\"og:url\" content=\"https:\/\/kiorastudio.com\/lt\/contact-us\/\" \/>\n<meta property=\"og:site_name\" content=\"Kiora Studio\" \/>\n<meta property=\"article:modified_time\" content=\"2025-08-03T13:37:35+00:00\" \/>\n<meta name=\"twitter:card\" content=\"summary_large_image\" \/>\n<meta name=\"twitter:label1\" content=\"Est. reading time\" \/>\n\t<meta name=\"twitter:data1\" content=\"1 minut\u0117\" \/>\n<script type=\"application\/ld+json\" class=\"yoast-schema-graph\">{\"@context\":\"https:\/\/schema.org\",\"@graph\":[{\"@type\":\"WebPage\",\"@id\":\"https:\/\/kiorastudio.com\/en\/contact-us\/\",\"url\":\"https:\/\/kiorastudio.com\/en\/contact-us\/\",\"name\":\"Contact Us - Kiora Studio\",\"isPartOf\":{\"@id\":\"https:\/\/kiorastudio.com\/#website\"},\"datePublished\":\"2024-01-04T11:36:02+00:00\",\"dateModified\":\"2025-08-03T13:37:35+00:00\",\"description\":\"Boost your business with Kiora Studio's AI solutions. We develop automation systems, intelligent chatbots, and custom AI tools to streamline operations and drive growth.\",\"breadcrumb\":{\"@id\":\"https:\/\/kiorastudio.com\/en\/contact-us\/#breadcrumb\"},\"inLanguage\":\"lt-LT\",\"potentialAction\":[{\"@type\":\"ReadAction\",\"target\":[\"https:\/\/kiorastudio.com\/en\/contact-us\/\"]}]},{\"@type\":\"BreadcrumbList\",\"@id\":\"https:\/\/kiorastudio.com\/en\/contact-us\/#breadcrumb\",\"itemListElement\":[{\"@type\":\"ListItem\",\"position\":1,\"name\":\"Home\",\"item\":\"https:\/\/kiorastudio.com\/\"},{\"@type\":\"ListItem\",\"position\":2,\"name\":\"Contact Us\"}]},{\"@type\":\"WebSite\",\"@id\":\"https:\/\/kiorastudio.com\/#website\",\"url\":\"https:\/\/kiorastudio.com\/\",\"name\":\"Kiora Studio\",\"description\":\"\",\"potentialAction\":[{\"@type\":\"SearchAction\",\"target\":{\"@type\":\"EntryPoint\",\"urlTemplate\":\"https:\/\/kiorastudio.com\/?s={search_term_string}\"},\"query-input\":{\"@type\":\"PropertyValueSpecification\",\"valueRequired\":true,\"valueName\":\"search_term_string\"}}],\"inLanguage\":\"lt-LT\"}]}<\/script>\n<!-- \/ Yoast SEO plugin. -->","yoast_head_json":{"title":"Kontaktai - Kiora Studio","description":"Kuriame automatizavimo sistemas, i\u0161manius pokalbi\u0173 robotus ir individualius AI \u012frankius, kurie padeda optimizuoti procesus ir skatinti augim\u0105.","robots":{"index":"index","follow":"follow","max-snippet":"max-snippet:-1","max-image-preview":"max-image-preview:large","max-video-preview":"max-video-preview:-1"},"canonical":"https:\/\/kiorastudio.com\/lt\/contact-us\/","og_locale":"lt_LT","og_type":"article","og_title":"Contact Us - Kiora Studio","og_description":"Boost your business with Kiora Studio's AI solutions. We develop automation systems, intelligent chatbots, and custom AI tools to streamline operations and drive growth.","og_url":"https:\/\/kiorastudio.com\/lt\/contact-us\/","og_site_name":"Kiora Studio","article_modified_time":"2025-08-03T13:37:35+00:00","twitter_card":"summary_large_image","twitter_misc":{"Est. reading time":"1 minut\u0117"},"schema":{"@context":"https:\/\/schema.org","@graph":[{"@type":"WebPage","@id":"https:\/\/kiorastudio.com\/en\/contact-us\/","url":"https:\/\/kiorastudio.com\/en\/contact-us\/","name":"Kontaktai - Kiora Studio","isPartOf":{"@id":"https:\/\/kiorastudio.com\/#website"},"datePublished":"2024-01-04T11:36:02+00:00","dateModified":"2025-08-03T13:37:35+00:00","description":"Kuriame automatizavimo sistemas, i\u0161manius pokalbi\u0173 robotus ir individualius AI \u012frankius, kurie padeda optimizuoti procesus ir skatinti augim\u0105.","breadcrumb":{"@id":"https:\/\/kiorastudio.com\/en\/contact-us\/#breadcrumb"},"inLanguage":"lt-LT","potentialAction":[{"@type":"ReadAction","target":["https:\/\/kiorastudio.com\/en\/contact-us\/"]}]},{"@type":"BreadcrumbList","@id":"https:\/\/kiorastudio.com\/en\/contact-us\/#breadcrumb","itemListElement":[{"@type":"ListItem","position":1,"name":"Home","item":"https:\/\/kiorastudio.com\/"},{"@type":"ListItem","position":2,"name":"Contact Us"}]},{"@type":"WebSite","@id":"https:\/\/kiorastudio.com\/#website","url":"https:\/\/kiorastudio.com\/","name":"Kiora Studio","description":"","potentialAction":[{"@type":"SearchAction","target":{"@type":"EntryPoint","urlTemplate":"https:\/\/kiorastudio.com\/?s={search_term_string}"},"query-input":{"@type":"PropertyValueSpecification","valueRequired":true,"valueName":"search_term_string"}}],"inLanguage":"lt-LT"}]}},"_links":{"self":[{"href":"https:\/\/kiorastudio.com\/lt\/wp-json\/wp\/v2\/pages\/2154","targetHints":{"allow":["GET"]}}],"collection":[{"href":"https:\/\/kiorastudio.com\/lt\/wp-json\/wp\/v2\/pages"}],"about":[{"href":"https:\/\/kiorastudio.com\/lt\/wp-json\/wp\/v2\/types\/page"}],"author":[{"embeddable":true,"href":"https:\/\/kiorastudio.com\/lt\/wp-json\/wp\/v2\/users\/1"}],"replies":[{"embeddable":true,"href":"https:\/\/kiorastudio.com\/lt\/wp-json\/wp\/v2\/comments?post=2154"}],"version-history":[{"count":13,"href":"https:\/\/kiorastudio.com\/lt\/wp-json\/wp\/v2\/pages\/2154\/revisions"}],"predecessor-version":[{"id":15791,"href":"https:\/\/kiorastudio.com\/lt\/wp-json\/wp\/v2\/pages\/2154\/revisions\/15791"}],"wp:attachment":[{"href":"https:\/\/kiorastudio.com\/lt\/wp-json\/wp\/v2\/media?parent=2154"}],"curies":[{"name":"wp","href":"https:\/\/api.w.org\/{rel}","templated":true}]}}